{"id":533,"date":"2018-06-30T12:17:33","date_gmt":"2018-06-30T10:17:33","guid":{"rendered":"http:\/\/www.metzavelo.fr\/?page_id=533"},"modified":"2026-04-28T18:34:01","modified_gmt":"2026-04-28T16:34:01","slug":"partenaires","status":"publish","type":"page","link":"https:\/\/www.metzavelo.fr\/?page_id=533","title":{"rendered":"Partenaires"},"content":{"rendered":"\t\t<div data-elementor-type=\"wp-post\" data-elementor-id=\"533\" class=\"elementor elementor-533\" data-elementor-post-type=\"page\">\n\t\t\t\t<div class=\"elementor-element elementor-element-ec28353 e-flex e-con-boxed e-con e-parent\" data-id=\"ec28353\" data-element_type=\"container\" data-e-type=\"container\" data-settings=\"{&quot;background_background&quot;:&quot;classic&quot;}\">\n\t\t\t\t\t<div class=\"e-con-inner\">\n\t\t<div class=\"elementor-element elementor-element-1a554a2 e-con-full e-flex e-con e-child\" data-id=\"1a554a2\" data-element_type=\"container\" data-e-type=\"container\" data-settings=\"{&quot;background_background&quot;:&quot;classic&quot;}\">\n\t\t\t\t<div class=\"elementor-element elementor-element-e6e0d65 elementor-widget elementor-widget-heading\" data-id=\"e6e0d65\" data-element_type=\"widget\" data-e-type=\"widget\" data-widget_type=\"heading.default\">\n\t\t\t\t<div class=\"elementor-widget-container\">\n\t\t\t\t\t<h2 class=\"elementor-heading-title elementor-size-default\">F\u00e9d\u00e9rations &amp; R\u00e9seaux<\/h2>\t\t\t\t<\/div>\n\t\t\t\t<\/div>\n\t\t<div class=\"elementor-element elementor-element-1828f76 e-con-full e-flex e-con e-child\" data-id=\"1828f76\" data-element_type=\"container\" data-e-type=\"container\">\n\t\t<div class=\"elementor-element elementor-element-8f810a7 e-con-full e-flex e-con e-child\" data-id=\"8f810a7\" data-element_type=\"container\" data-e-type=\"container\">\n\t\t\t\t<div class=\"elementor-element elementor-element-4ef059f e-con e-atomic-element e-div-block-base e-4ef059f-b1cd0c8\" data-id=\"4ef059f\" data-element_type=\"e-div-block\" data-e-type=\"e-div-block\" data-interaction-id=\"4ef059f\" data-e-type=\"e-div-block\" data-id=\"4ef059f\">\n\t\t\t\t<div class=\"elementor-element elementor-element-3ddd6c6 e-con e-atomic-element e-div-block-base e-3ddd6c6-edfd99e\" data-id=\"3ddd6c6\" data-element_type=\"e-div-block\" data-e-type=\"e-div-block\" data-interaction-id=\"3ddd6c6\" data-e-type=\"e-div-block\" data-id=\"3ddd6c6\">\n\t\t\t\t<div class=\"elementor-element elementor-element-ecdda97 elementor-widget elementor-widget-image\" data-id=\"ecdda97\" data-element_type=\"widget\" data-e-type=\"widget\" data-widget_type=\"image.default\">\n\t\t\t\t<div class=\"elementor-widget-container\">\n\t\t\t\t\t\t\t\t\t\t\t\t\t\t\t<img decoding=\"async\" src=\"https:\/\/www.metzavelo.fr\/wp-content\/uploads\/elementor\/thumbs\/fub_logo-rmocrtqq2uamhsb4wrea3epachu3uillmq5iz72308.png\" title=\"fub_logo\" alt=\"fub_logo\" loading=\"lazy\" \/>\t\t\t\t\t\t\t\t\t\t\t\t\t\t\t<\/div>\n\t\t\t\t<\/div>\n\t\t\t\t<\/div>\n\t\t\t\t<div class=\"elementor-element elementor-element-ddf3ed0 elementor-widget elementor-widget-heading\" data-id=\"ddf3ed0\" data-element_type=\"widget\" data-e-type=\"widget\" data-widget_type=\"heading.default\">\n\t\t\t\t<div class=\"elementor-widget-container\">\n\t\t\t\t\t<h2 class=\"elementor-heading-title elementor-size-default\">F\u00e9d\u00e9ration Fran\u00e7aise des Usagers<\/h2>\t\t\t\t<\/div>\n\t\t\t\t<\/div>\n\t\t\t\t<div class=\"elementor-element elementor-element-b1f3a86 elementor-widget elementor-widget-text-editor\" data-id=\"b1f3a86\" data-element_type=\"widget\" data-e-type=\"widget\" data-widget_type=\"text-editor.default\">\n\t\t\t\t<div class=\"elementor-widget-container\">\n\t\t\t\t\t\t\t\t\t<p>Metz \u00e0 V\u00e9lo est membre de la <strong>F\u00e9d\u00e9ration Fran\u00e7aise des Usagers<\/strong> (FUB).<\/p>\t\t\t\t\t\t\t\t<\/div>\n\t\t\t\t<\/div>\n\t\t\t\t<div class=\"elementor-element elementor-element-83b1d00 elementor-align-left elementor-widget elementor-widget-button\" data-id=\"83b1d00\" data-element_type=\"widget\" data-e-type=\"widget\" data-widget_type=\"button.default\">\n\t\t\t\t<div class=\"elementor-widget-container\">\n\t\t\t\t\t\t\t\t\t<div class=\"elementor-button-wrapper\">\n\t\t\t\t\t<a class=\"elementor-button elementor-button-link elementor-size-sm\" href=\"https:\/\/www.fub.fr\/\">\n\t\t\t\t\t\t<span class=\"elementor-button-content-wrapper\">\n\t\t\t\t\t\t\t\t\t<span class=\"elementor-button-text\">En savoir plus<\/span>\n\t\t\t\t\t<\/span>\n\t\t\t\t\t<\/a>\n\t\t\t\t<\/div>\n\t\t\t\t\t\t\t\t<\/div>\n\t\t\t\t<\/div>\n\t\t\t\t<\/div>\n\t\t\t\t<\/div>\n\t\t<div class=\"elementor-element elementor-element-0c1c4e3 e-con-full e-flex e-con e-child\" data-id=\"0c1c4e3\" data-element_type=\"container\" data-e-type=\"container\">\n\t\t\t\t<div class=\"elementor-element elementor-element-3b3478e e-con e-atomic-element e-div-block-base e-3b3478e-99b636c\" data-id=\"3b3478e\" data-element_type=\"e-div-block\" data-e-type=\"e-div-block\" data-interaction-id=\"3b3478e\" data-e-type=\"e-div-block\" data-id=\"3b3478e\">\n\t\t\t\t<div class=\"elementor-element elementor-element-c97dd06 e-con e-atomic-element e-div-block-base e-c97dd06-47c53b4\" data-id=\"c97dd06\" data-element_type=\"e-div-block\" data-e-type=\"e-div-block\" data-interaction-id=\"c97dd06\" data-e-type=\"e-div-block\" data-id=\"c97dd06\">\n\t\t\t\t<div class=\"elementor-element elementor-element-2769139 elementor-widget elementor-widget-image\" data-id=\"2769139\" data-element_type=\"widget\" data-e-type=\"widget\" data-widget_type=\"image.default\">\n\t\t\t\t<div class=\"elementor-widget-container\">\n\t\t\t\t\t\t\t\t\t\t\t\t\t\t\t<img decoding=\"async\" src=\"https:\/\/www.metzavelo.fr\/wp-content\/uploads\/elementor\/thumbs\/heureux_cyclage-logo-rmocruok9obwte9rr9swnwgqxvph27pbyut0gh0ou0.png\" title=\"heureux_cyclage-logo\" alt=\"heureux_cyclage-logo\" loading=\"lazy\" \/>\t\t\t\t\t\t\t\t\t\t\t\t\t\t\t<\/div>\n\t\t\t\t<\/div>\n\t\t\t\t<\/div>\n\t\t\t\t<div class=\"elementor-element elementor-element-b8980e8 elementor-widget elementor-widget-heading\" data-id=\"b8980e8\" data-element_type=\"widget\" data-e-type=\"widget\" data-widget_type=\"heading.default\">\n\t\t\t\t<div class=\"elementor-widget-container\">\n\t\t\t\t\t<h2 class=\"elementor-heading-title elementor-size-default\">F\u00e9d\u00e9ration Fran\u00e7aise des Usagers<\/h2>\t\t\t\t<\/div>\n\t\t\t\t<\/div>\n\t\t\t\t<div class=\"elementor-element elementor-element-5f78f18 elementor-widget elementor-widget-text-editor\" data-id=\"5f78f18\" data-element_type=\"widget\" data-e-type=\"widget\" data-widget_type=\"text-editor.default\">\n\t\t\t\t<div class=\"elementor-widget-container\">\n\t\t\t\t\t\t\t\t\t<p>Metz \u00e0 V\u00e9lo est membre des ateliers participatifs et solidaires <strong>l\u2019Heureux Cyclage<\/strong>.<\/p>\t\t\t\t\t\t\t\t<\/div>\n\t\t\t\t<\/div>\n\t\t\t\t<div class=\"elementor-element elementor-element-62a3d97 elementor-align-left elementor-widget elementor-widget-button\" data-id=\"62a3d97\" data-element_type=\"widget\" data-e-type=\"widget\" data-widget_type=\"button.default\">\n\t\t\t\t<div class=\"elementor-widget-container\">\n\t\t\t\t\t\t\t\t\t<div class=\"elementor-button-wrapper\">\n\t\t\t\t\t<a class=\"elementor-button elementor-button-link elementor-size-sm\" href=\"https:\/\/www.fub.fr\/\">\n\t\t\t\t\t\t<span class=\"elementor-button-content-wrapper\">\n\t\t\t\t\t\t\t\t\t<span class=\"elementor-button-text\">En savoir plus<\/span>\n\t\t\t\t\t<\/span>\n\t\t\t\t\t<\/a>\n\t\t\t\t<\/div>\n\t\t\t\t\t\t\t\t<\/div>\n\t\t\t\t<\/div>\n\t\t\t\t<\/div>\n\t\t\t\t<\/div>\n\t\t\t\t<\/div>\n\t\t\t\t<\/div>\n\t\t<div class=\"elementor-element elementor-element-6079044 e-con-full e-flex e-con e-child\" data-id=\"6079044\" data-element_type=\"container\" data-e-type=\"container\" data-settings=\"{&quot;background_background&quot;:&quot;classic&quot;}\">\n\t\t<div class=\"elementor-element elementor-element-9c27149 e-con-full e-flex e-con e-child\" data-id=\"9c27149\" data-element_type=\"container\" data-e-type=\"container\">\n\t\t\t\t<div class=\"elementor-element elementor-element-373d748 elementor-widget elementor-widget-heading\" data-id=\"373d748\" data-element_type=\"widget\" data-e-type=\"widget\" data-widget_type=\"heading.default\">\n\t\t\t\t<div class=\"elementor-widget-container\">\n\t\t\t\t\t<h2 class=\"elementor-heading-title elementor-size-default\">Nos partenaires financiers<\/h2>\t\t\t\t<\/div>\n\t\t\t\t<\/div>\n\t\t\t\t<\/div>\n\t\t<div class=\"elementor-element elementor-element-368ff5f e-con-full e-flex e-con e-child\" data-id=\"368ff5f\" data-element_type=\"container\" data-e-type=\"container\">\n\t\t\t\t<div class=\"elementor-element elementor-element-73edc89 e-con e-atomic-element e-div-block-base e-73edc89-f457df3\" data-id=\"73edc89\" data-element_type=\"e-div-block\" data-e-type=\"e-div-block\" data-interaction-id=\"73edc89\" data-e-type=\"e-div-block\" data-id=\"73edc89\">\n\t\t\t\t<div class=\"elementor-element elementor-element-cc98964 e-con e-atomic-element e-div-block-base e-cc98964-1392b8c\" data-id=\"cc98964\" data-element_type=\"e-div-block\" data-e-type=\"e-div-block\" data-interaction-id=\"cc98964\" data-e-type=\"e-div-block\" data-id=\"cc98964\">\n\t\t\t\t<div class=\"elementor-element elementor-element-873468c elementor-widget elementor-widget-image\" data-id=\"873468c\" data-element_type=\"widget\" data-e-type=\"widget\" data-widget_type=\"image.default\">\n\t\t\t\t<div class=\"elementor-widget-container\">\n\t\t\t\t\t\t\t\t\t\t\t\t\t\t\t<img fetchpriority=\"high\" decoding=\"async\" width=\"800\" height=\"310\" src=\"https:\/\/www.metzavelo.fr\/wp-content\/uploads\/2026\/04\/EUROMETROPOLE_METZ_LOGO_NEW_CMJN-1024x397.png\" class=\"attachment-large size-large wp-image-6351\" alt=\"Logo de l&#039;eurom\u00e9tropole de Metz\" srcset=\"https:\/\/www.metzavelo.fr\/wp-content\/uploads\/2026\/04\/EUROMETROPOLE_METZ_LOGO_NEW_CMJN-1024x397.png 1024w, https:\/\/www.metzavelo.fr\/wp-content\/uploads\/2026\/04\/EUROMETROPOLE_METZ_LOGO_NEW_CMJN-300x116.png 300w, https:\/\/www.metzavelo.fr\/wp-content\/uploads\/2026\/04\/EUROMETROPOLE_METZ_LOGO_NEW_CMJN-768x298.png 768w, https:\/\/www.metzavelo.fr\/wp-content\/uploads\/2026\/04\/EUROMETROPOLE_METZ_LOGO_NEW_CMJN.png 1068w\" sizes=\"(max-width: 800px) 100vw, 800px\" \/>\t\t\t\t\t\t\t\t\t\t\t\t\t\t\t<\/div>\n\t\t\t\t<\/div>\n\t\t\t\t<\/div>\n\t\t\t\t<div class=\"elementor-element elementor-element-fe3f4f6 elementor-widget elementor-widget-heading\" data-id=\"fe3f4f6\" data-element_type=\"widget\" data-e-type=\"widget\" data-widget_type=\"heading.default\">\n\t\t\t\t<div class=\"elementor-widget-container\">\n\t\t\t\t\t<h2 class=\"elementor-heading-title elementor-size-default\">Eurom\u00e9tropole Metz<\/h2>\t\t\t\t<\/div>\n\t\t\t\t<\/div>\n\t\t\t\t<div class=\"elementor-element elementor-element-d4dae5f elementor-align-left elementor-widget elementor-widget-button\" data-id=\"d4dae5f\" data-element_type=\"widget\" data-e-type=\"widget\" data-widget_type=\"button.default\">\n\t\t\t\t<div class=\"elementor-widget-container\">\n\t\t\t\t\t\t\t\t\t<div class=\"elementor-button-wrapper\">\n\t\t\t\t\t<a class=\"elementor-button elementor-button-link elementor-size-sm\" href=\"https:\/\/www.eurometropolemetz.eu\/\">\n\t\t\t\t\t\t<span class=\"elementor-button-content-wrapper\">\n\t\t\t\t\t\t\t\t\t<span class=\"elementor-button-text\">En savoir plus<\/span>\n\t\t\t\t\t<\/span>\n\t\t\t\t\t<\/a>\n\t\t\t\t<\/div>\n\t\t\t\t\t\t\t\t<\/div>\n\t\t\t\t<\/div>\n\t\t\t\t<\/div>\n\t\t\t\t<\/div>\n\t\t<div class=\"elementor-element elementor-element-9ebb191 e-con-full e-flex e-con e-child\" data-id=\"9ebb191\" data-element_type=\"container\" data-e-type=\"container\">\n\t\t\t\t<div class=\"elementor-element elementor-element-0cc70aa e-con e-atomic-element e-div-block-base e-0cc70aa-7f6c501\" data-id=\"0cc70aa\" data-element_type=\"e-div-block\" data-e-type=\"e-div-block\" data-interaction-id=\"0cc70aa\" data-e-type=\"e-div-block\" data-id=\"0cc70aa\">\n\t\t\t\t<div class=\"elementor-element elementor-element-bd5bed0 e-con e-atomic-element e-div-block-base e-bd5bed0-549a249\" data-id=\"bd5bed0\" data-element_type=\"e-div-block\" data-e-type=\"e-div-block\" data-interaction-id=\"bd5bed0\" data-e-type=\"e-div-block\" data-id=\"bd5bed0\">\n\t\t\t\t<div class=\"elementor-element elementor-element-e69a083 elementor-widget elementor-widget-image\" data-id=\"e69a083\" data-element_type=\"widget\" data-e-type=\"widget\" data-widget_type=\"image.default\">\n\t\t\t\t<div class=\"elementor-widget-container\">\n\t\t\t\t\t\t\t\t\t\t\t\t\t\t\t<img decoding=\"async\" width=\"800\" height=\"308\" src=\"https:\/\/www.metzavelo.fr\/wp-content\/uploads\/2026\/04\/Logo_Ville_Metz_-_2021.svg_-1024x394.png\" class=\"attachment-large size-large wp-image-6352\" alt=\"\" srcset=\"https:\/\/www.metzavelo.fr\/wp-content\/uploads\/2026\/04\/Logo_Ville_Metz_-_2021.svg_-1024x394.png 1024w, https:\/\/www.metzavelo.fr\/wp-content\/uploads\/2026\/04\/Logo_Ville_Metz_-_2021.svg_-300x116.png 300w, https:\/\/www.metzavelo.fr\/wp-content\/uploads\/2026\/04\/Logo_Ville_Metz_-_2021.svg_-768x296.png 768w, https:\/\/www.metzavelo.fr\/wp-content\/uploads\/2026\/04\/Logo_Ville_Metz_-_2021.svg_-1536x592.png 1536w, https:\/\/www.metzavelo.fr\/wp-content\/uploads\/2026\/04\/Logo_Ville_Metz_-_2021.svg_-2048x789.png 2048w\" sizes=\"(max-width: 800px) 100vw, 800px\" \/>\t\t\t\t\t\t\t\t\t\t\t\t\t\t\t<\/div>\n\t\t\t\t<\/div>\n\t\t\t\t<\/div>\n\t\t\t\t<div class=\"elementor-element elementor-element-a3030ea elementor-widget elementor-widget-heading\" data-id=\"a3030ea\" data-element_type=\"widget\" data-e-type=\"widget\" data-widget_type=\"heading.default\">\n\t\t\t\t<div class=\"elementor-widget-container\">\n\t\t\t\t\t<h2 class=\"elementor-heading-title elementor-size-default\">Ville de Metz<\/h2>\t\t\t\t<\/div>\n\t\t\t\t<\/div>\n\t\t\t\t<div class=\"elementor-element elementor-element-4ee2c39 elementor-align-left elementor-widget elementor-widget-button\" data-id=\"4ee2c39\" data-element_type=\"widget\" data-e-type=\"widget\" data-widget_type=\"button.default\">\n\t\t\t\t<div class=\"elementor-widget-container\">\n\t\t\t\t\t\t\t\t\t<div class=\"elementor-button-wrapper\">\n\t\t\t\t\t<a class=\"elementor-button elementor-button-link elementor-size-sm\" href=\"https:\/\/metz.fr\/\">\n\t\t\t\t\t\t<span class=\"elementor-button-content-wrapper\">\n\t\t\t\t\t\t\t\t\t<span class=\"elementor-button-text\">En savoir plus<\/span>\n\t\t\t\t\t<\/span>\n\t\t\t\t\t<\/a>\n\t\t\t\t<\/div>\n\t\t\t\t\t\t\t\t<\/div>\n\t\t\t\t<\/div>\n\t\t\t\t<\/div>\n\t\t\t\t<\/div>\n\t\t<div class=\"elementor-element elementor-element-4b0fc7c e-con-full e-flex e-con e-child\" data-id=\"4b0fc7c\" data-element_type=\"container\" data-e-type=\"container\">\n\t\t\t\t<div class=\"elementor-element elementor-element-e0a4b35 e-con e-atomic-element e-div-block-base e-e0a4b35-67e95b2\" data-id=\"e0a4b35\" data-element_type=\"e-div-block\" data-e-type=\"e-div-block\" data-interaction-id=\"e0a4b35\" data-e-type=\"e-div-block\" data-id=\"e0a4b35\">\n\t\t\t\t<div class=\"elementor-element elementor-element-792ee81 e-con e-atomic-element e-div-block-base e-792ee81-fd48a68\" data-id=\"792ee81\" data-element_type=\"e-div-block\" data-e-type=\"e-div-block\" data-interaction-id=\"792ee81\" data-e-type=\"e-div-block\" data-id=\"792ee81\">\n\t\t\t\t<div class=\"elementor-element elementor-element-4490cb8 elementor-widget elementor-widget-image\" data-id=\"4490cb8\" data-element_type=\"widget\" data-e-type=\"widget\" data-widget_type=\"image.default\">\n\t\t\t\t<div class=\"elementor-widget-container\">\n\t\t\t\t\t\t\t\t\t\t\t\t\t\t\t<img decoding=\"async\" width=\"388\" height=\"130\" src=\"https:\/\/www.metzavelo.fr\/wp-content\/uploads\/2026\/04\/region_GrandEst.png\" class=\"attachment-large size-large wp-image-6353\" alt=\"\" srcset=\"https:\/\/www.metzavelo.fr\/wp-content\/uploads\/2026\/04\/region_GrandEst.png 388w, https:\/\/www.metzavelo.fr\/wp-content\/uploads\/2026\/04\/region_GrandEst-300x101.png 300w\" sizes=\"(max-width: 388px) 100vw, 388px\" \/>\t\t\t\t\t\t\t\t\t\t\t\t\t\t\t<\/div>\n\t\t\t\t<\/div>\n\t\t\t\t<\/div>\n\t\t\t\t<div class=\"elementor-element elementor-element-46cb722 elementor-widget elementor-widget-heading\" data-id=\"46cb722\" data-element_type=\"widget\" data-e-type=\"widget\" data-widget_type=\"heading.default\">\n\t\t\t\t<div class=\"elementor-widget-container\">\n\t\t\t\t\t<h2 class=\"elementor-heading-title elementor-size-default\">R\u00e9gion Grand Est<\/h2>\t\t\t\t<\/div>\n\t\t\t\t<\/div>\n\t\t\t\t<div class=\"elementor-element elementor-element-3eac264 elementor-align-left elementor-widget elementor-widget-button\" data-id=\"3eac264\" data-element_type=\"widget\" data-e-type=\"widget\" data-widget_type=\"button.default\">\n\t\t\t\t<div class=\"elementor-widget-container\">\n\t\t\t\t\t\t\t\t\t<div class=\"elementor-button-wrapper\">\n\t\t\t\t\t<a class=\"elementor-button elementor-button-link elementor-size-sm\" href=\"https:\/\/www.grandest.fr\/\">\n\t\t\t\t\t\t<span class=\"elementor-button-content-wrapper\">\n\t\t\t\t\t\t\t\t\t<span class=\"elementor-button-text\">En savoir plus<\/span>\n\t\t\t\t\t<\/span>\n\t\t\t\t\t<\/a>\n\t\t\t\t<\/div>\n\t\t\t\t\t\t\t\t<\/div>\n\t\t\t\t<\/div>\n\t\t\t\t<\/div>\n\t\t\t\t<\/div>\n\t\t\t\t<\/div>\n\t\t<div class=\"elementor-element elementor-element-ea978e3 e-con-full e-flex e-con e-child\" data-id=\"ea978e3\" data-element_type=\"container\" data-e-type=\"container\" data-settings=\"{&quot;background_background&quot;:&quot;classic&quot;}\">\n\t\t<div class=\"elementor-element elementor-element-e5689d3 e-con-full e-flex e-con e-child\" data-id=\"e5689d3\" data-element_type=\"container\" data-e-type=\"container\">\n\t\t\t\t<div class=\"elementor-element elementor-element-74bb53d elementor-widget elementor-widget-heading\" data-id=\"74bb53d\" data-element_type=\"widget\" data-e-type=\"widget\" data-widget_type=\"heading.default\">\n\t\t\t\t<div class=\"elementor-widget-container\">\n\t\t\t\t\t<h3 class=\"elementor-heading-title elementor-size-default\">V\u00e9locistes<\/h3>\t\t\t\t<\/div>\n\t\t\t\t<\/div>\n\t\t\t\t<div class=\"elementor-element elementor-element-0009f60 elementor-widget elementor-widget-text-editor\" data-id=\"0009f60\" data-element_type=\"widget\" data-e-type=\"widget\" data-widget_type=\"text-editor.default\">\n\t\t\t\t<div class=\"elementor-widget-container\">\n\t\t\t\t\t\t\t\t\t<p>Des r\u00e9ductions sont propos\u00e9es aux adh\u00e9rents de Metz \u00e0 V\u00e9lo par la plupart des V\u00e9locistes de l\u2019agglom\u00e9ration, n&rsquo;h\u00e9sitez pas \u00e0 leur poser la question.<\/p><div>\u00a0<\/div><div>R\u00e9ductions hors main d\u2019\u0153uvre et promotion, sur pr\u00e9sentation de justificatif d&rsquo;adh\u00e9sion.<\/div>\t\t\t\t\t\t\t\t<\/div>\n\t\t\t\t<\/div>\n\t\t\t\t<\/div>\n\t\t\t\t<\/div>\n\t\t<div class=\"elementor-element elementor-element-f46df9b e-con-full e-flex e-con e-child\" data-id=\"f46df9b\" data-element_type=\"container\" data-e-type=\"container\" data-settings=\"{&quot;background_background&quot;:&quot;classic&quot;}\">\n\t\t\t\t<div class=\"elementor-element elementor-element-a17c1c3 elementor-widget elementor-widget-shortcode\" data-id=\"a17c1c3\" data-element_type=\"widget\" data-e-type=\"widget\" data-widget_type=\"shortcode.default\">\n\t\t\t\t<div class=\"elementor-widget-container\">\n\t\t\t\t\t\t\t<div class=\"elementor-shortcode\"><\/div>\n\t\t\t\t\t\t<\/div>\n\t\t\t\t<\/div>\n\t\t\t\t<\/div>\n\t\t\t\t\t<\/div>\n\t\t\t\t<\/div>\n\t\t\t\t<\/div>\n\t\t","protected":false},"excerpt":{"rendered":"<p>F\u00e9d\u00e9rations &amp; R\u00e9seaux F\u00e9d\u00e9ration Fran\u00e7aise des Usagers Metz \u00e0 V\u00e9lo est membre de la F\u00e9d\u00e9ration Fran\u00e7aise des Usagers (FUB). En savoir plus F\u00e9d\u00e9ration Fran\u00e7aise des Usagers Metz \u00e0 V\u00e9lo est membre des ateliers participatifs et solidaires l\u2019Heureux Cyclage. En savoir plus Nos partenaires financiers Eurom\u00e9tropole Metz En savoir plus Ville de Metz En savoir plus [&hellip;]<\/p>\n","protected":false},"author":3,"featured_media":0,"parent":0,"menu_order":0,"comment_status":"closed","ping_status":"closed","template":"","meta":{"footnotes":""},"class_list":["post-533","page","type-page","status-publish","hentry"],"_links":{"self":[{"href":"https:\/\/www.metzavelo.fr\/index.php?rest_route=\/wp\/v2\/pages\/533","targetHints":{"allow":["GET"]}}],"collection":[{"href":"https:\/\/www.metzavelo.fr\/index.php?rest_route=\/wp\/v2\/pages"}],"about":[{"href":"https:\/\/www.metzavelo.fr\/index.php?rest_route=\/wp\/v2\/types\/page"}],"author":[{"embeddable":true,"href":"https:\/\/www.metzavelo.fr\/index.php?rest_route=\/wp\/v2\/users\/3"}],"replies":[{"embeddable":true,"href":"https:\/\/www.metzavelo.fr\/index.php?rest_route=%2Fwp%2Fv2%2Fcomments&post=533"}],"version-history":[{"count":87,"href":"https:\/\/www.metzavelo.fr\/index.php?rest_route=\/wp\/v2\/pages\/533\/revisions"}],"predecessor-version":[{"id":6427,"href":"https:\/\/www.metzavelo.fr\/index.php?rest_route=\/wp\/v2\/pages\/533\/revisions\/6427"}],"wp:attachment":[{"href":"https:\/\/www.metzavelo.fr\/index.php?rest_route=%2Fwp%2Fv2%2Fmedia&parent=533"}],"curies":[{"name":"wp","href":"https:\/\/api.w.org\/{rel}","templated":true}]}}