{"id":27,"date":"2017-09-29T10:13:39","date_gmt":"2017-09-29T08:13:39","guid":{"rendered":"http:\/\/www.metzavelo.fr\/?page_id=27"},"modified":"2025-12-11T10:22:36","modified_gmt":"2025-12-11T09:22:36","slug":"contact","status":"publish","type":"page","link":"https:\/\/www.metzavelo.fr\/?page_id=27","title":{"rendered":"Contact"},"content":{"rendered":"\t\t<div data-elementor-type=\"wp-post\" data-elementor-id=\"27\" class=\"elementor elementor-27\" data-elementor-post-type=\"page\">\n\t\t\t\t\t\t<section class=\"elementor-section elementor-top-section elementor-element elementor-element-2d89406 elementor-section-boxed elementor-section-height-default elementor-section-height-default\" data-id=\"2d89406\" data-element_type=\"section\" data-e-type=\"section\">\n\t\t\t\t\t\t<div class=\"elementor-container elementor-column-gap-default\">\n\t\t\t\t\t<div class=\"elementor-column elementor-col-100 elementor-top-column elementor-element elementor-element-34631ee\" data-id=\"34631ee\" data-element_type=\"column\" data-e-type=\"column\">\n\t\t\t<div class=\"elementor-widget-wrap elementor-element-populated\">\n\t\t\t\t\t\t<div class=\"elementor-element elementor-element-49de3a4 elementor-widget elementor-widget-heading\" data-id=\"49de3a4\" data-element_type=\"widget\" data-e-type=\"widget\" data-widget_type=\"heading.default\">\n\t\t\t\t<div class=\"elementor-widget-container\">\n\t\t\t\t\t<h3 class=\"elementor-heading-title elementor-size-default\">Venez nous rencontrer <\/h3>\t\t\t\t<\/div>\n\t\t\t\t<\/div>\n\t\t\t\t\t<\/div>\n\t\t<\/div>\n\t\t\t\t\t<\/div>\n\t\t<\/section>\n\t\t\t\t<section class=\"elementor-section elementor-top-section elementor-element elementor-element-38c72bd elementor-section-boxed elementor-section-height-default elementor-section-height-default\" data-id=\"38c72bd\" data-element_type=\"section\" data-e-type=\"section\">\n\t\t\t\t\t\t<div class=\"elementor-container elementor-column-gap-default\">\n\t\t\t\t\t<div class=\"elementor-column elementor-col-50 elementor-top-column elementor-element elementor-element-1d46c14\" data-id=\"1d46c14\" data-element_type=\"column\" data-e-type=\"column\">\n\t\t\t<div class=\"elementor-widget-wrap elementor-element-populated\">\n\t\t\t\t\t\t<div class=\"elementor-element elementor-element-90e3392 elementor-widget elementor-widget-image\" data-id=\"90e3392\" data-element_type=\"widget\" data-e-type=\"widget\" data-widget_type=\"image.default\">\n\t\t\t\t<div class=\"elementor-widget-container\">\n\t\t\t\t\t\t\t\t\t\t\t\t\t\t\t<img fetchpriority=\"high\" decoding=\"async\" width=\"800\" height=\"600\" src=\"https:\/\/www.metzavelo.fr\/wp-content\/uploads\/2020\/11\/DSCF5459-copie-1024x768.jpg\" class=\"attachment-large size-large wp-image-1521\" alt=\"\" srcset=\"https:\/\/www.metzavelo.fr\/wp-content\/uploads\/2020\/11\/DSCF5459-copie-1024x768.jpg 1024w, https:\/\/www.metzavelo.fr\/wp-content\/uploads\/2020\/11\/DSCF5459-copie-300x225.jpg 300w, https:\/\/www.metzavelo.fr\/wp-content\/uploads\/2020\/11\/DSCF5459-copie-768x576.jpg 768w, https:\/\/www.metzavelo.fr\/wp-content\/uploads\/2020\/11\/DSCF5459-copie-1536x1152.jpg 1536w, https:\/\/www.metzavelo.fr\/wp-content\/uploads\/2020\/11\/DSCF5459-copie-2048x1536.jpg 2048w\" sizes=\"(max-width: 800px) 100vw, 800px\" \/>\t\t\t\t\t\t\t\t\t\t\t\t\t\t\t<\/div>\n\t\t\t\t<\/div>\n\t\t\t\t\t<\/div>\n\t\t<\/div>\n\t\t\t\t<div class=\"elementor-column elementor-col-50 elementor-top-column elementor-element elementor-element-0f98fbc\" data-id=\"0f98fbc\" data-element_type=\"column\" data-e-type=\"column\">\n\t\t\t<div class=\"elementor-widget-wrap elementor-element-populated\">\n\t\t\t\t\t\t<div class=\"elementor-element elementor-element-3c093e02 elementor-widget elementor-widget-text-editor\" data-id=\"3c093e02\" data-element_type=\"widget\" data-e-type=\"widget\" data-widget_type=\"text-editor.default\">\n\t\t\t\t<div class=\"elementor-widget-container\">\n\t\t\t\t\t\t\t\t\t<div><p><b>Maison<\/b><strong> du V\u00e9lo<\/strong><br \/><a href=\"https:\/\/www.google.com\/maps\/place\/Maison+du+V%C3%A9lo+(Association+Metz+%C3%A0+V%C3%A9lo)\/@49.109895,6.169985,15z\/data=!4m5!3m4!1s0x0:0xe1b803f67c04b2b6!8m2!3d49.109895!4d6.1699849?hl=fr\" target=\"_blank\" rel=\"noopener\">3 avenue Leclerc de Hauteclocque<\/a> \u00e0 Metz<\/p><div><p><strong>Horaires d&rsquo;ouverture :<\/strong><br \/>mercredi : 14h &#8211; 18h<\/p><p>jeudi \u00a0 \u00a0 \u00a0\u00a0 : 14h &#8211; 20h30<\/p><p>vendredi : 14h &#8211; 18h<\/p><p>samedi \u00a0 : 9h -12h30 et 13h30 &#8211; 18h<\/p><\/div><\/div><div><strong>Fermeture annuelle No\u00ebl \/ Nouvel An:<\/strong><\/div><div>\u00a0du 22 d\u00e9cembre 2025 au 13 janvier 2026<\/div><div>\u00a0<\/div>\t\t\t\t\t\t\t\t<\/div>\n\t\t\t\t<\/div>\n\t\t\t\t\t<\/div>\n\t\t<\/div>\n\t\t\t\t\t<\/div>\n\t\t<\/section>\n\t\t\t\t<section class=\"elementor-section elementor-top-section elementor-element elementor-element-7d460015 elementor-section-boxed elementor-section-height-default elementor-section-height-default\" data-id=\"7d460015\" data-element_type=\"section\" data-e-type=\"section\">\n\t\t\t\t\t\t<div class=\"elementor-container elementor-column-gap-default\">\n\t\t\t\t\t<div class=\"elementor-column elementor-col-100 elementor-top-column elementor-element elementor-element-5d9daf74\" data-id=\"5d9daf74\" data-element_type=\"column\" data-e-type=\"column\">\n\t\t\t<div class=\"elementor-widget-wrap elementor-element-populated\">\n\t\t\t\t\t\t<div class=\"elementor-element elementor-element-08a9082 elementor-widget elementor-widget-heading\" data-id=\"08a9082\" data-element_type=\"widget\" data-e-type=\"widget\" data-widget_type=\"heading.default\">\n\t\t\t\t<div class=\"elementor-widget-container\">\n\t\t\t\t\t<h3 class=\"elementor-heading-title elementor-size-default\">Nous contacter<\/h3>\t\t\t\t<\/div>\n\t\t\t\t<\/div>\n\t\t\t\t<div class=\"elementor-element elementor-element-428fcd2 elementor-widget elementor-widget-text-editor\" data-id=\"428fcd2\" data-element_type=\"widget\" data-e-type=\"widget\" data-widget_type=\"text-editor.default\">\n\t\t\t\t<div class=\"elementor-widget-container\">\n\t\t\t\t\t\t\t\t\t<div>A la recherche d&rsquo;informations compl\u00e9mentaires ? <br \/>Envoyez-nous un mail, selon le sujet concern\u00e9 : <br \/>&#8211; <strong>l&rsquo;atelier\u00a0<\/strong> : <a href=\"mailto:atelier@metzavelo.fr\">atelier@metzavelo.fr<\/a> <br \/>&#8211; <strong>l&rsquo;\u00e9cole de v\u00e9lo scolaire<\/strong> (Savoir Rouler \u00e0 V\u00e9lo) : <a href=\"mailto:veloecole@metzavelo.fr\">veloecole@metzavelo.fr<\/a><\/div><div>&#8211; <strong>l&rsquo;\u00e9cole de v\u00e9lo adultes<\/strong> : <a href=\"mailto:cedric.manceau@sfr.fr\">cedric.manceau@sfr.fr<\/a><\/div><div>&#8211; <strong>les balades :<\/strong> <a href=\"mailto:balades@metzavelo.fr\">balades@metzavelo.fr<\/a><br \/>&#8211; <strong>autres informations\u00a0 :<\/strong> <a href=\"mailto:info@metzavelo.fr\">info@metzavelo.fr<\/a><\/div><div>Vous pouvez \u00e9galement nous joindre au 03 55 80 92 91 aux horaires d&rsquo;ouverture.\u00a0<\/div>\t\t\t\t\t\t\t\t<\/div>\n\t\t\t\t<\/div>\n\t\t\t\t\t<\/div>\n\t\t<\/div>\n\t\t\t\t\t<\/div>\n\t\t<\/section>\n\t\t\t\t<section class=\"elementor-section elementor-top-section elementor-element elementor-element-d01a492 elementor-section-boxed elementor-section-height-default elementor-section-height-default\" data-id=\"d01a492\" data-element_type=\"section\" data-e-type=\"section\">\n\t\t\t\t\t\t<div class=\"elementor-container elementor-column-gap-default\">\n\t\t\t\t\t<div class=\"elementor-column elementor-col-100 elementor-top-column elementor-element elementor-element-e3f9e73\" data-id=\"e3f9e73\" data-element_type=\"column\" data-e-type=\"column\">\n\t\t\t<div class=\"elementor-widget-wrap elementor-element-populated\">\n\t\t\t\t\t\t<div class=\"elementor-element elementor-element-bb81f07 elementor-widget elementor-widget-heading\" data-id=\"bb81f07\" data-element_type=\"widget\" data-e-type=\"widget\" data-widget_type=\"heading.default\">\n\t\t\t\t<div class=\"elementor-widget-container\">\n\t\t\t\t\t<h3 class=\"elementor-heading-title elementor-size-default\">Suivre nos actualit\u00e9s <\/h3>\t\t\t\t<\/div>\n\t\t\t\t<\/div>\n\t\t\t\t<div class=\"elementor-element elementor-element-796a7d2 elementor-widget elementor-widget-text-editor\" data-id=\"796a7d2\" data-element_type=\"widget\" data-e-type=\"widget\" data-widget_type=\"text-editor.default\">\n\t\t\t\t<div class=\"elementor-widget-container\">\n\t\t\t\t\t\t\t\t\t<p><!-- Begin Mailchimp Signup Form --><\/p><p><style type=\"text\/css\">\n\t#mc_embed_signup{background:#fff; clear:left; font:14px Helvetica,Arial,sans-serif; }<br \/>\t\/* Add your own Mailchimp form style overrides in your site stylesheet or in this style block.<br \/>\t   We recommend moving this block and the preceding CSS link to the HEAD of your HTML file. *\/<br \/><\/style><\/p><div id=\"mc_embed_signup\"><form id=\"mc-embedded-subscribe-form\" class=\"validate\" action=\"https:\/\/metzavelo.us15.list-manage.com\/subscribe\/post?u=e628c8c99f23ffa004cc1e2e7&amp;id=182f90942f\" method=\"post\" name=\"mc-embedded-subscribe-form\" novalidate=\"\" target=\"_blank\"><div id=\"mc_embed_signup_scroll\"><p><label for=\"mce-EMAIL\">Abonnez-vous \u00e0 notre lettre d&rsquo;information : <\/label><\/p><p>\u00a0<\/p><\/div><div><p>Un \u00e0 deux mails par mois regroupant tout ce qu&rsquo;il faut savoir de l&rsquo;actualit\u00e9 v\u00e9lo \u00e0 Metz.<\/p><p>Nous ne vous enverrons jamais de spam, vous pouvez vous d\u00e9sinscrire \u00e0 tout moment<br \/><br \/><\/p><p>\u00a0<\/p><\/div><div><p><input id=\"mce-EMAIL\" class=\"email\" name=\"EMAIL\" required=\"\" type=\"email\" value=\"\" placeholder=\"email address\" \/><br \/><!-- real people should not fill this in and expect good things - do not remove this or risk form bot signups--><\/p><div style=\"position: absolute; left: -5000px;\" aria-hidden=\"true\"><input tabindex=\"-1\" name=\"b_e628c8c99f23ffa004cc1e2e7_182f90942f\" type=\"text\" value=\"\" \/><\/div><div class=\"clear\"><input id=\"mc-embedded-subscribe\" class=\"button\" name=\"subscribe\" type=\"submit\" value=\"Subscribe\" \/><\/div><\/div><\/form><\/div><p><!--End mc_embed_signup--><\/p>\t\t\t\t\t\t\t\t<\/div>\n\t\t\t\t<\/div>\n\t\t\t\t<div class=\"elementor-element elementor-element-7c11d8e elementor-shape-circle elementor-grid-0 e-grid-align-center elementor-widget elementor-widget-social-icons\" data-id=\"7c11d8e\" data-element_type=\"widget\" data-e-type=\"widget\" data-widget_type=\"social-icons.default\">\n\t\t\t\t<div class=\"elementor-widget-container\">\n\t\t\t\t\t\t\t<div class=\"elementor-social-icons-wrapper elementor-grid\" role=\"list\">\n\t\t\t\t\t\t\t<span class=\"elementor-grid-item\" role=\"listitem\">\n\t\t\t\t\t<a class=\"elementor-icon elementor-social-icon elementor-social-icon-facebook elementor-repeater-item-f436cfa\" href=\"https:\/\/www.facebook.com\/metzavelo\" target=\"_blank\">\n\t\t\t\t\t\t<span class=\"elementor-screen-only\">Facebook<\/span>\n\t\t\t\t\t\t<i aria-hidden=\"true\" class=\"fab fa-facebook\"><\/i>\t\t\t\t\t<\/a>\n\t\t\t\t<\/span>\n\t\t\t\t\t\t\t<span class=\"elementor-grid-item\" role=\"listitem\">\n\t\t\t\t\t<a class=\"elementor-icon elementor-social-icon elementor-social-icon-twitter elementor-repeater-item-2b358c1\" href=\"https:\/\/twitter.com\/metzavelo\" target=\"_blank\">\n\t\t\t\t\t\t<span class=\"elementor-screen-only\">Twitter<\/span>\n\t\t\t\t\t\t<i aria-hidden=\"true\" class=\"fab fa-twitter\"><\/i>\t\t\t\t\t<\/a>\n\t\t\t\t<\/span>\n\t\t\t\t\t<\/div>\n\t\t\t\t\t\t<\/div>\n\t\t\t\t<\/div>\n\t\t\t\t\t<\/div>\n\t\t<\/div>\n\t\t\t\t\t<\/div>\n\t\t<\/section>\n\t\t\t\t<\/div>\n\t\t","protected":false},"excerpt":{"rendered":"<p>Venez nous rencontrer Maison du V\u00e9lo3 avenue Leclerc de Hauteclocque \u00e0 Metz Horaires d&rsquo;ouverture :mercredi : 14h &#8211; 18h jeudi \u00a0 \u00a0 \u00a0\u00a0 : 14h &#8211; 20h30 vendredi : 14h &#8211; 18h samedi \u00a0 : 9h -12h30 et 13h30 &#8211; 18h Fermeture annuelle No\u00ebl \/ Nouvel An:\u00a0du 22 d\u00e9cembre 2025 au 13 janvier 2026\u00a0 Nous [&hellip;]<\/p>\n","protected":false},"author":1,"featured_media":0,"parent":0,"menu_order":6,"comment_status":"closed","ping_status":"closed","template":"","meta":{"footnotes":""},"class_list":["post-27","page","type-page","status-publish","hentry"],"_links":{"self":[{"href":"https:\/\/www.metzavelo.fr\/index.php?rest_route=\/wp\/v2\/pages\/27","targetHints":{"allow":["GET"]}}],"collection":[{"href":"https:\/\/www.metzavelo.fr\/index.php?rest_route=\/wp\/v2\/pages"}],"about":[{"href":"https:\/\/www.metzavelo.fr\/index.php?rest_route=\/wp\/v2\/types\/page"}],"author":[{"embeddable":true,"href":"https:\/\/www.metzavelo.fr\/index.php?rest_route=\/wp\/v2\/users\/1"}],"replies":[{"embeddable":true,"href":"https:\/\/www.metzavelo.fr\/index.php?rest_route=%2Fwp%2Fv2%2Fcomments&post=27"}],"version-history":[{"count":180,"href":"https:\/\/www.metzavelo.fr\/index.php?rest_route=\/wp\/v2\/pages\/27\/revisions"}],"predecessor-version":[{"id":4979,"href":"https:\/\/www.metzavelo.fr\/index.php?rest_route=\/wp\/v2\/pages\/27\/revisions\/4979"}],"wp:attachment":[{"href":"https:\/\/www.metzavelo.fr\/index.php?rest_route=%2Fwp%2Fv2%2Fmedia&parent=27"}],"curies":[{"name":"wp","href":"https:\/\/api.w.org\/{rel}","templated":true}]}}