{"id":2159,"date":"2021-05-10T11:59:50","date_gmt":"2021-05-10T09:59:50","guid":{"rendered":"https:\/\/www.metzavelo.fr\/?page_id=2159"},"modified":"2025-05-25T13:52:04","modified_gmt":"2025-05-25T11:52:04","slug":"prestations","status":"publish","type":"page","link":"https:\/\/www.metzavelo.fr\/?page_id=2159","title":{"rendered":"Prestations"},"content":{"rendered":"\t\t<div data-elementor-type=\"wp-page\" data-elementor-id=\"2159\" class=\"elementor elementor-2159\" data-elementor-post-type=\"page\">\n\t\t\t\t\t\t<section class=\"elementor-section elementor-top-section elementor-element elementor-element-2d144ee8 elementor-section-boxed elementor-section-height-default elementor-section-height-default\" data-id=\"2d144ee8\" data-element_type=\"section\" data-e-type=\"section\">\n\t\t\t\t\t\t<div class=\"elementor-container elementor-column-gap-default\">\n\t\t\t\t\t<div class=\"elementor-column elementor-col-100 elementor-top-column elementor-element elementor-element-63519e5d\" data-id=\"63519e5d\" data-element_type=\"column\" data-e-type=\"column\">\n\t\t\t<div class=\"elementor-widget-wrap elementor-element-populated\">\n\t\t\t\t\t\t<div class=\"elementor-element elementor-element-156a10a1 elementor-widget elementor-widget-text-editor\" data-id=\"156a10a1\" data-element_type=\"widget\" data-e-type=\"widget\" data-widget_type=\"text-editor.default\">\n\t\t\t\t<div class=\"elementor-widget-container\">\n\t\t\t\t\t\t\t\t\t<p>L\u2019association Metz \u00e0 V\u00e9lo dispose d\u2019une exp\u00e9rience et d\u2019une expertise acquise au travers de ses activit\u00e9s depuis sa cr\u00e9ation il y a plus de 30 ans.<\/p>\n<p>\u00a0<\/p>\n<p><!-- \/wp:paragraph --><\/p>\n<p><!-- wp:paragraph --><\/p>\n<p>Le v\u00e9lo est un moyen de d\u00e9placement souvent sous-estim\u00e9 qui offre de nombreuses possibilit\u00e9s. Les am\u00e9nagements et les services sont en constante am\u00e9lioration sur notre m\u00e9tropole. De plus, les possibilit\u00e9s offertes par les v\u00e9los \u00e0 assistance \u00e9lectrique \u00e9tendent son rayon d\u2019action et limite la probl\u00e9matique du relief.<\/p>\n<p>\u00a0<\/p>\n<p><!-- \/wp:paragraph --><\/p>\n<p><!-- wp:paragraph --><\/p>\n<p>Nous vous proposons un ensemble d\u2019animations pour sensibiliser vos employ\u00e9s \u00e0 l\u2019usage du v\u00e9lo et leur donner les clefs pour rouler en s\u00e9curit\u00e9\u00a0:<\/p>\n<p><!-- \/wp:paragraph --><\/p>\n<p><!-- wp:list --><\/p>\n<ul>\n<li>des conseils pour acqu\u00e9rir le \u201cbon\u201d v\u00e9lo, v\u00e9rifier son \u00e9tat, le r\u00e9parer et\u2026 le garder<\/li>\n<li>bien choisir son itin\u00e9raire<\/li>\n<li>connaitre la nouvelle signalisation sp\u00e9cifique aux v\u00e9los<\/li>\n<li>d\u00e9couvrir les aides et avantages \u00e0 destinations des cyclistes<\/li>\n<li>d\u00e9couvrir l\u2019ensemble des services d\u00e9di\u00e9s au v\u00e9lo<\/li>\n<\/ul>\n<p><!-- \/wp:list --><\/p>\n<p><!-- wp:heading --><\/p>\n<h3>Nos prestations autour du v\u00e9lo<\/h3>\n<p><!-- \/wp:heading --><\/p>\n<p><!-- wp:heading {\"level\":3} --><\/p>\n<h4><span style=\"color: #ff9900;\">Sensibilisation : le v\u00e9lo comme moyen de d\u00e9placement<\/span><\/h4>\n<div><span style=\"border: none; display: inline-block; overflow: hidden; width: 322px; height: 242px;\"><img fetchpriority=\"high\" decoding=\"async\" style=\"margin-left: 0px; margin-top: 0px;\" src=\"https:\/\/lh3.googleusercontent.com\/gdyy2c9_OJYUHm_HAZ_zzHScyJZDrT2deIkrhmEY6dNrZBgzB_hB-iwkfxCSB1_lFbfwWhHNIe_s93M31IBnT1uCAuQWxbnRR8WrR-KPXf_LMpkvjrUGk7y_xsCHX40myG3kPic\" width=\"322\" height=\"242\" \/><\/span><\/div>\n<p>Un intervenant pr\u00e9sente l\u2019int\u00e9r\u00eat du v\u00e9lo comme moyen de d\u00e9placement et l\u2019organisation autour du \u00ab syst\u00e8me v\u00e9lo \u00bb.<\/p>\n<h5><span style=\"color: #ff9900;\">Quizz : le code de la route vu du guidon<\/span><\/h5>\n<div><span style=\"border: none; display: inline-block; overflow: hidden; width: 426px; height: 253px;\"><img decoding=\"async\" style=\"margin-left: 0px; margin-top: 0px;\" src=\"https:\/\/lh6.googleusercontent.com\/3__xYs0SiHrhGZmforvrskPPUtaTN56fj-98AdQqwZdUMqJ-Y7xXlM-aQNcQAQl9TM8Gnrt1JYdldwT5UnNQ682iKk9u-YIzbXTLQceH_1yGblQGiQJ0qijjWcLhdJgZDITNxN0\" width=\"426\" height=\"253\" \/><\/span><\/div>\n<p>Pr\u00e9sentation avec un diaporama interactif des dispositions du code de la route peu connues concernant la pratique du v\u00e9lo<\/p>\n<p>\u00a0<\/p>\n<p><strong>Objectif<\/strong><\/p>\n<p>Mise \u00e0 niveau des connaissances pour une pratique s\u00e9curis\u00e9e du v\u00e9lo en agglom\u00e9ration et respect du code de la route. Accent mis sur la s\u00e9curit\u00e9 et la civilit\u00e9.<\/p>\n<h5><span style=\"color: #ff9900;\">Atelier mobile et marquage antivol<\/span><\/h5>\n<div><span style=\"border: none; display: inline-block; overflow: hidden; width: 338px; height: 255px;\"><img decoding=\"async\" style=\"margin-left: 0px; margin-top: 0px;\" src=\"https:\/\/lh4.googleusercontent.com\/DuNvFQVvjR6LutAre_inAR6K0eugFV3TST26Jy_BVzqFo9F0OjykmWB1PPd23OVH5tNjMLSktLYCpREP_eGahJZkrayPtgsjwb3T8Mc7JPQfoG1rIYhsqY-KFvpAwqrNdOwM8gI\" width=\"338\" height=\"255\" \/><\/span><\/div>\n<p>Une \u00e9quipe se d\u00e9place sur site avec l\u2019outillage pour petites r\u00e9parations, r\u00e9glages et marquage antivol.<\/p>\n<p>\u00a0<\/p>\n<p><strong>Objectif<\/strong><\/p>\n<p>Encourager vos employ\u00e9s \u00e0 rouler sur un v\u00e9lo en bon \u00e9tat m\u00e9canique, \u00e0 v\u00e9rifier son \u00e9tat et se pr\u00e9munir contre le vol.<\/p>\n<h5><span style=\"color: #ff9900;\">Balade d\u00e9couverte<\/span><\/h5>\n<div><span style=\"border: none; display: inline-block; overflow: hidden; width: 353px; height: 225px;\"><img decoding=\"async\" style=\"margin-left: 0px; margin-top: -31.753478944301605px;\" src=\"https:\/\/lh4.googleusercontent.com\/b4iSflybKavCnDMg5DD0wEUHHHvc-X8wIrvZtxJdKt3WFyOp654o7XxWkQi9CmuVDrsAkjT4xP2-0eloysXNSjo7HP632_rd125dXTxJMry1i4xjzNsXB007B7V269Fgw_FZVf0\" width=\"387.4777901172638\" height=\"275.8772939443588\" \/><\/span><\/div>\n<p>Balade guid\u00e9e sur le territoire de Metz M\u00e9tropole<\/p>\n<p>\u00a0<\/p>\n<p><strong>Objectif<\/strong><\/p>\n<p>Faire d\u00e9couvrir les am\u00e9nagements cyclables et les services pour le v\u00e9lo. Ces am\u00e9nagements sont de plus en plus nombreux et de meilleure qualit\u00e9 mais souvent m\u00e9connus. La signalisation routi\u00e8re a \u00e9galement beaucoup \u00e9volu\u00e9e ces derni\u00e8res ann\u00e9es en faveur du v\u00e9lo.<\/p>\n<h5><span style=\"color: #ff9900;\">Prestation conseil : choisir son v\u00e9lo<\/span><\/h5>\n<p>Nos intervenants vous aident \u00e0 choisir le type de v\u00e9lo adapt\u00e9 \u00e0 votre pratique<\/p>\n<p>\u00a0<\/p>\n<h5><span style=\"color: #ff9900;\">Coaching : choisir son itin\u00e9raire<\/span><\/h5>\n<div><span style=\"border: none; display: inline-block; overflow: hidden; width: 314px; height: 266px;\"><img decoding=\"async\" class=\"alignright\" style=\"margin-left: -60.82739156484604px; margin-top: 0px;\" src=\"https:\/\/lh5.googleusercontent.com\/of4d5JUKsDykYJgVxrs08w2hRfL94DugncBE8m0Up_amPKdUCz476TeX5K9nZETcSxtriU6dbF3LoaNFpzck0z6Vc56l5cTLTtKXv1MUlsQMOPsD30RtAPpKYOw8KJaCH0DV0b0\" alt=\"Une image contenant ext\u00e9rieur, route, v\u00e9lo, \u00e9quitation Description g\u00e9n\u00e9r\u00e9e automatiquement\" width=\"461.9685127735138\" height=\"266\" \/><\/span><\/div>\n<p>Proposer et reconnaitre un itin\u00e9raire v\u00e9lo pour les d\u00e9placements domicile-travail ou autres<\/p>\n<p>\u00a0<\/p>\n<p><strong>Objectif<\/strong><\/p>\n<p>Faciliter l&rsquo;adoption du v\u00e9lo par les salari\u00e9s en proposant les itin\u00e9raires les plus s\u00e9curis\u00e9s et agr\u00e9ables possibles.\u00a0<\/p>\n<h5><span style=\"color: #ff9900;\">Atelier cartographie<\/span><\/h5>\n<div><span style=\"border: none; display: inline-block; overflow: hidden; width: 411px; height: 238px;\"><img decoding=\"async\" class=\"alignright\" style=\"margin-left: -188.34378200769424px; margin-top: 0px;\" src=\"https:\/\/lh6.googleusercontent.com\/ggq57Qg5cVIrFl1Nci9o5kE_lYrWkuS-zYfVkXDM5kqHOPCNMVWx58b_g3UmweUzTnrXY8ynI6W-nfpqEmMZ_-4WC9F9u2RMCZe1jXlErfOXJvgfYeJIEmFAy4xQ3JyrdBydsaw\" width=\"599.3437575101852\" height=\"238\" \/><\/span><\/div>\n<div>Pr\u00e9sentation des diff\u00e9rents moyen de guidage adapt\u00e9s au v\u00e9lo<\/div>\n<p>\u00a0<\/p>\n<p><strong>Objectif<\/strong><\/p>\n<p>Faciliter et rendre plus agr\u00e9able le d\u00e9placement \u00e0 v\u00e9lo gr\u00e2ce aux cartes papiers et aux applications num\u00e9riques. Ces outils sont d\u2019une grande utilit\u00e9 pour les d\u00e9placements locaux, mais aussi pour d&rsquo;\u00e9ventuels voyages \u00e0 v\u00e9lo !<\/p>\n<h5><span style=\"color: #ff9900;\">Webinaire : d\u00e9couvrir l&rsquo;association Metz \u00e0 V\u00e9lo<\/span><\/h5>\n<p><span style=\"border: none; display: inline-block; overflow: hidden; width: 355px; height: 233px;\"><img decoding=\"async\" style=\"margin-left: -79.08084981143475px; margin-top: 0px;\" src=\"https:\/\/lh6.googleusercontent.com\/8qBzdRKQ80eR8AcdwFaYwJ4O4IRalTnJ2C4LUo5xRsPsV8u7kxOTQcCEdPDKBqPuzudFmdoj0uuAeiPobAQNWG9defDDH_9MdNnTxLPHZTWh7e7uUkfFBTdKiiGcr26oWHlyez8\" width=\"434.0808445215225\" height=\"233\" \/><\/span><\/p>\n<p>Pr\u00e9sentation de l&rsquo;association et ses activit\u00e9s, en 30 minutes.<\/p>\n<p>\u00a0<\/p>\n<p><strong>Retrouvez l&rsquo;ensemble de notre <a href=\"https:\/\/www.metzavelo.fr\/wp-content\/uploads\/2025\/05\/Catalogue-des-prestations-entreprises.pdf\">Catalogue de prestations<\/a> en format .pdf <\/strong><strong>et <a href=\"mailto:info@metzavelo.fr\">contactez-nous<\/a> pour plus d&rsquo;informations.<\/strong><\/p>\n<p><!-- \/wp:heading --><\/p>\n<p><!-- wp:paragraph --><\/p>\n<p><!-- \/wp:paragraph --><\/p>\n<p><!-- wp:paragraph --><\/p>\n<h5>\u00a0<\/h5>\n<p><!-- \/wp:paragraph --><\/p>\t\t\t\t\t\t\t\t<\/div>\n\t\t\t\t<\/div>\n\t\t\t\t\t<\/div>\n\t\t<\/div>\n\t\t\t\t\t<\/div>\n\t\t<\/section>\n\t\t\t\t<\/div>\n\t\t","protected":false},"excerpt":{"rendered":"<p>L\u2019association Metz \u00e0 V\u00e9lo dispose d\u2019une exp\u00e9rience et d\u2019une expertise acquise au travers de ses activit\u00e9s depuis sa cr\u00e9ation il y a plus de 30 ans. \u00a0 Le v\u00e9lo est un moyen de d\u00e9placement souvent sous-estim\u00e9 qui offre de nombreuses possibilit\u00e9s. Les am\u00e9nagements et les services sont en constante am\u00e9lioration sur notre m\u00e9tropole. De plus, [&hellip;]<\/p>\n","protected":false},"author":4,"featured_media":0,"parent":0,"menu_order":0,"comment_status":"closed","ping_status":"closed","template":"","meta":{"footnotes":""},"class_list":["post-2159","page","type-page","status-publish","hentry"],"_links":{"self":[{"href":"https:\/\/www.metzavelo.fr\/index.php?rest_route=\/wp\/v2\/pages\/2159","targetHints":{"allow":["GET"]}}],"collection":[{"href":"https:\/\/www.metzavelo.fr\/index.php?rest_route=\/wp\/v2\/pages"}],"about":[{"href":"https:\/\/www.metzavelo.fr\/index.php?rest_route=\/wp\/v2\/types\/page"}],"author":[{"embeddable":true,"href":"https:\/\/www.metzavelo.fr\/index.php?rest_route=\/wp\/v2\/users\/4"}],"replies":[{"embeddable":true,"href":"https:\/\/www.metzavelo.fr\/index.php?rest_route=%2Fwp%2Fv2%2Fcomments&post=2159"}],"version-history":[{"count":38,"href":"https:\/\/www.metzavelo.fr\/index.php?rest_route=\/wp\/v2\/pages\/2159\/revisions"}],"predecessor-version":[{"id":4693,"href":"https:\/\/www.metzavelo.fr\/index.php?rest_route=\/wp\/v2\/pages\/2159\/revisions\/4693"}],"wp:attachment":[{"href":"https:\/\/www.metzavelo.fr\/index.php?rest_route=%2Fwp%2Fv2%2Fmedia&parent=2159"}],"curies":[{"name":"wp","href":"https:\/\/api.w.org\/{rel}","templated":true}]}}