{"id":1779,"date":"2021-02-02T12:08:46","date_gmt":"2021-02-02T11:08:46","guid":{"rendered":"https:\/\/www.metzavelo.fr\/?page_id=1779"},"modified":"2026-04-20T15:57:47","modified_gmt":"2026-04-20T13:57:47","slug":"devenir-adherent","status":"publish","type":"page","link":"https:\/\/www.metzavelo.fr\/?page_id=1779","title":{"rendered":"Devenir adh\u00e9rent"},"content":{"rendered":"\n<h3 class=\"wp-block-heading has-luminous-vivid-amber-color has-text-color\">Pourquoi adh\u00e9rer \u00e0 l&rsquo;association ? <\/h3>\n\n\n\n<p><strong>Pour aider au financement des activit\u00e9s de <em>Metz \u00e0 V\u00e9lo<\/em> <\/strong>: des fonds sont n\u00e9cessaires pour faire vivre l&rsquo;association.<\/p>\n\n\n\n<ul class=\"wp-block-list\">\n<li><strong>Pour encourager la circulation douce.<\/strong><\/li>\n\n\n\n<li><strong>Pour d\u00e9fendre les int\u00e9r\u00eats des cyclistes.<\/strong><\/li>\n\n\n\n<li><strong>Pour prot\u00e9ger les usagers les plus faibles<\/strong> (cyclistes et pi\u00e9tons) : Il est reconnu que l&rsquo;accroissement de l&rsquo;usage du v\u00e9lo en milieu urbain s&rsquo;accompagne toujours d&rsquo;une baisse du nombre d&rsquo;accidents (y compris parmi les automobilistes).<\/li>\n<\/ul>\n\n\n\n<p>Votre adh\u00e9sion permet l&rsquo;<strong>acc\u00e8s \u00e0 l&rsquo;atelier participatif<\/strong> et donne droit \u00e0 des r\u00e9ductions sur vos achats, \u00e0 la Maison du V\u00e9lo comme dans des magasins de cycles sp\u00e9cialis\u00e9s. Une adh\u00e9sion vite amortie!<\/p>\n\n\n\n<p>Plus <strong>nous serons nombreux, plus nous aurons de poids<\/strong> dans les d\u00e9cisions concernant l&rsquo;am\u00e9nagement de notre agglom\u00e9ration.<\/p>\n\n\n\n<div class=\"wp-block-group is-layout-constrained wp-block-group-is-layout-constrained\">\n<div class=\"wp-block-columns is-layout-flex wp-container-core-columns-is-layout-28f84493 wp-block-columns-is-layout-flex\">\n<div class=\"wp-block-column is-layout-flow wp-block-column-is-layout-flow\" style=\"flex-basis:100%\">\n<div class=\"wp-block-buttons is-layout-flex wp-block-buttons-is-layout-flex\">\n<div class=\"wp-block-button is-style-outline is-style-outline--1\"><a class=\"wp-block-button__link has-text-align-center wp-element-button\" href=\"https:\/\/www.metzavelo.fr\/partenaires-liste\/\">Voir les r\u00e9ductions chez nos partenaires<\/a><\/div>\n<\/div>\n<\/div>\n<\/div>\n<\/div>\n\n\n\n<h3 class=\"wp-block-heading has-luminous-vivid-amber-color has-text-color\">Tarifs d&rsquo;adh\u00e9sion <\/h3>\n\n\n\n<p><strong>Adh\u00e9sion individuelle : 25\u20ac<br>Adh\u00e9sion couple : 30\u20ac<br>Adh\u00e9sion famille : 35\u20ac<br>Adh\u00e9sion \u00e9tudiant, demandeur d&#8217;emploi : 15\u20ac <\/strong><br><br>Vous pouvez adh\u00e9rer \u00e0 tout moment de l&rsquo;ann\u00e9e : l&rsquo;adh\u00e9sion est valable pour une dur\u00e9e d&rsquo;un an, \u00e0 partir de votre date d&rsquo;adh\u00e9sion<\/p>\n\n\n\n<h3 class=\"wp-block-heading has-luminous-vivid-amber-color has-text-color\">Comment adh\u00e9rer et\/ou faire un don? <\/h3>\n\n\n\n<ul class=\"wp-block-list\">\n<li><strong>A la Maison du V\u00e9lo<\/strong> : r\u00e8glement en esp\u00e8ce, CB ou ch\u00e8que<br><br><\/li>\n\n\n\n<li><strong>En ligne via le site AssoConnect <\/strong>:<br>le site <strong>AssoConnect<\/strong> reverse <strong>la totalit\u00e9 du montant des adh\u00e9sions ou des dons \u00e0 l\u2019association.<\/strong> Pour&nbsp;financer son fonctionnement, il propose le versement d\u2019un pourboire lors du r\u00e9capitulatif du montant : ce pourboire n\u2019est pas obligatoire et le montant peut \u00eatre modifi\u00e9 \u00e0 votre guise.\n<ul class=\"wp-block-list\">\n<li><strong>Adh\u00e9sion en ligne<\/strong> :  <a href=\"https:\/\/metz-a-velo-5e0b2a1eabbc7.assoconnect.com\/collect\/description\/132911-d-adhesion-date-a-date\">plateforme Assoconnect<\/a><\/li>\n\n\n\n<li><strong>Pour faire un don en ligne<\/strong> : <a href=\"https:\/\/metz-a-velo-5e0b2a1eabbc7.assoconnect.com\/collect\/description\/132921-l-dons-en-numeraires\" data-type=\"URL\" data-id=\"https:\/\/metz-a-velo-5e0b2a1eabbc7.assoconnect.com\/collect\/description\/132921-l-dons-en-numeraires\">don plateforme Assoconnect<\/a><\/li>\n<\/ul>\n<\/li>\n<\/ul>\n\n\n\n<p>Une carte de membre est \u00e0 votre disposition lors de votre passage \u00e0 la Maison du V\u00e9lo apr\u00e8s&nbsp;v\u00e9rification de votre adh\u00e9sion.<\/p>\n","protected":false},"excerpt":{"rendered":"<p>Pourquoi adh\u00e9rer \u00e0 l&rsquo;association ? Pour aider au financement des activit\u00e9s de Metz \u00e0 V\u00e9lo : des fonds sont n\u00e9cessaires pour faire vivre l&rsquo;association. Votre adh\u00e9sion permet l&rsquo;acc\u00e8s \u00e0 l&rsquo;atelier participatif et donne droit \u00e0 des r\u00e9ductions sur vos achats, \u00e0 la Maison du V\u00e9lo comme dans des magasins de cycles sp\u00e9cialis\u00e9s. Une adh\u00e9sion vite [&hellip;]<\/p>\n","protected":false},"author":63,"featured_media":0,"parent":0,"menu_order":0,"comment_status":"closed","ping_status":"closed","template":"","meta":{"footnotes":""},"class_list":["post-1779","page","type-page","status-publish","hentry"],"_links":{"self":[{"href":"https:\/\/www.metzavelo.fr\/index.php?rest_route=\/wp\/v2\/pages\/1779","targetHints":{"allow":["GET"]}}],"collection":[{"href":"https:\/\/www.metzavelo.fr\/index.php?rest_route=\/wp\/v2\/pages"}],"about":[{"href":"https:\/\/www.metzavelo.fr\/index.php?rest_route=\/wp\/v2\/types\/page"}],"author":[{"embeddable":true,"href":"https:\/\/www.metzavelo.fr\/index.php?rest_route=\/wp\/v2\/users\/63"}],"replies":[{"embeddable":true,"href":"https:\/\/www.metzavelo.fr\/index.php?rest_route=%2Fwp%2Fv2%2Fcomments&post=1779"}],"version-history":[{"count":26,"href":"https:\/\/www.metzavelo.fr\/index.php?rest_route=\/wp\/v2\/pages\/1779\/revisions"}],"predecessor-version":[{"id":5878,"href":"https:\/\/www.metzavelo.fr\/index.php?rest_route=\/wp\/v2\/pages\/1779\/revisions\/5878"}],"wp:attachment":[{"href":"https:\/\/www.metzavelo.fr\/index.php?rest_route=%2Fwp%2Fv2%2Fmedia&parent=1779"}],"curies":[{"name":"wp","href":"https:\/\/api.w.org\/{rel}","templated":true}]}}