{"id":133,"date":"2018-03-20T20:25:00","date_gmt":"2018-03-20T19:25:00","guid":{"rendered":"http:\/\/www.metzavelo.fr\/?page_id=133"},"modified":"2021-10-18T11:32:43","modified_gmt":"2021-10-18T09:32:43","slug":"centre-de-documentation","status":"publish","type":"page","link":"https:\/\/www.metzavelo.fr\/?page_id=133","title":{"rendered":"Centre de documentation"},"content":{"rendered":"\t\t<div data-elementor-type=\"wp-post\" data-elementor-id=\"133\" class=\"elementor elementor-133\" data-elementor-post-type=\"page\">\n\t\t\t\t\t\t<section class=\"elementor-section elementor-top-section elementor-element elementor-element-5e33800 elementor-section-boxed elementor-section-height-default elementor-section-height-default\" data-id=\"5e33800\" data-element_type=\"section\" data-e-type=\"section\">\n\t\t\t\t\t\t<div class=\"elementor-container elementor-column-gap-default\">\n\t\t\t\t\t<div class=\"elementor-column elementor-col-100 elementor-top-column elementor-element elementor-element-0be1e37\" data-id=\"0be1e37\" data-element_type=\"column\" data-e-type=\"column\">\n\t\t\t<div class=\"elementor-widget-wrap elementor-element-populated\">\n\t\t\t\t\t\t<div class=\"elementor-element elementor-element-d4f357c elementor-widget elementor-widget-image-gallery\" data-id=\"d4f357c\" data-element_type=\"widget\" data-e-type=\"widget\" data-widget_type=\"image-gallery.default\">\n\t\t\t\t<div class=\"elementor-widget-container\">\n\t\t\t\t\t\t\t<div class=\"elementor-image-gallery\">\n\t\t\t<div id='gallery-1' class='gallery galleryid-133 gallery-columns-2 gallery-size-large'><figure class='gallery-item'>\n\t\t\t<div class='gallery-icon portrait'>\n\t\t\t\t<a data-elementor-open-lightbox=\"yes\" data-elementor-lightbox-slideshow=\"d4f357c\" data-elementor-lightbox-title=\"245133892_903940617185123_7778722973585200689_n\" data-e-action-hash=\"#elementor-action%3Aaction%3Dlightbox%26settings%3DeyJpZCI6MjUyNCwidXJsIjoiaHR0cHM6XC9cL3d3dy5tZXR6YXZlbG8uZnJcL3dwLWNvbnRlbnRcL3VwbG9hZHNcLzIwMjFcLzEwXC8yNDUxMzM4OTJfOTAzOTQwNjE3MTg1MTIzXzc3Nzg3MjI5NzM1ODUyMDA2ODlfbi5qcGciLCJzbGlkZXNob3ciOiJkNGYzNTdjIn0%3D\" href='https:\/\/www.metzavelo.fr\/wp-content\/uploads\/2021\/10\/245133892_903940617185123_7778722973585200689_n.jpg'><img fetchpriority=\"high\" decoding=\"async\" width=\"768\" height=\"1024\" src=\"https:\/\/www.metzavelo.fr\/wp-content\/uploads\/2021\/10\/245133892_903940617185123_7778722973585200689_n-768x1024.jpg\" class=\"attachment-large size-large\" alt=\"\" srcset=\"https:\/\/www.metzavelo.fr\/wp-content\/uploads\/2021\/10\/245133892_903940617185123_7778722973585200689_n-768x1024.jpg 768w, https:\/\/www.metzavelo.fr\/wp-content\/uploads\/2021\/10\/245133892_903940617185123_7778722973585200689_n-225x300.jpg 225w, https:\/\/www.metzavelo.fr\/wp-content\/uploads\/2021\/10\/245133892_903940617185123_7778722973585200689_n-1152x1536.jpg 1152w, https:\/\/www.metzavelo.fr\/wp-content\/uploads\/2021\/10\/245133892_903940617185123_7778722973585200689_n.jpg 1536w\" sizes=\"(max-width: 768px) 100vw, 768px\" \/><\/a>\n\t\t\t<\/div><\/figure><figure class='gallery-item'>\n\t\t\t<div class='gallery-icon portrait'>\n\t\t\t\t<a data-elementor-open-lightbox=\"yes\" data-elementor-lightbox-slideshow=\"d4f357c\" data-elementor-lightbox-title=\"244835758_434481728133205_321043446753173496_n\" data-e-action-hash=\"#elementor-action%3Aaction%3Dlightbox%26settings%3DeyJpZCI6MjUyOSwidXJsIjoiaHR0cHM6XC9cL3d3dy5tZXR6YXZlbG8uZnJcL3dwLWNvbnRlbnRcL3VwbG9hZHNcLzIwMjFcLzEwXC8yNDQ4MzU3NThfNDM0NDgxNzI4MTMzMjA1XzMyMTA0MzQ0Njc1MzE3MzQ5Nl9uLmpwZyIsInNsaWRlc2hvdyI6ImQ0ZjM1N2MifQ%3D%3D\" href='https:\/\/www.metzavelo.fr\/wp-content\/uploads\/2021\/10\/244835758_434481728133205_321043446753173496_n.jpg'><img decoding=\"async\" width=\"750\" height=\"1000\" src=\"https:\/\/www.metzavelo.fr\/wp-content\/uploads\/2021\/10\/244835758_434481728133205_321043446753173496_n.jpg\" class=\"attachment-large size-large\" alt=\"\" srcset=\"https:\/\/www.metzavelo.fr\/wp-content\/uploads\/2021\/10\/244835758_434481728133205_321043446753173496_n.jpg 750w, https:\/\/www.metzavelo.fr\/wp-content\/uploads\/2021\/10\/244835758_434481728133205_321043446753173496_n-225x300.jpg 225w\" sizes=\"(max-width: 750px) 100vw, 750px\" \/><\/a>\n\t\t\t<\/div><\/figure>\n\t\t<\/div>\n\t\t<\/div>\n\t\t\t\t\t\t<\/div>\n\t\t\t\t<\/div>\n\t\t\t\t<div class=\"elementor-element elementor-element-7b88804 elementor-widget elementor-widget-text-editor\" data-id=\"7b88804\" data-element_type=\"widget\" data-e-type=\"widget\" data-widget_type=\"text-editor.default\">\n\t\t\t\t<div class=\"elementor-widget-container\">\n\t\t\t\t\t\t\t\t\t<p>La Maison du V\u00e9lo met \u00e0 disposition sa documentation sur les th\u00e8mes de la mobilit\u00e9 : <\/p>\n<ul>\n<li>Des cartes et guides de voyage<\/li>\n<li>Des r\u00e9cits et romans de voyage \u00e0 v\u00e9los<\/li>\n<li>Des guides d&rsquo;entretien et de r\u00e9paration<\/li>\n<li>Des magazines sp\u00e9cialis\u00e9s :&nbsp; Le randonneur, 200, Ville et V\u00e9lo, V\u00e9locit\u00e9, Cyclotourisme &#8230;<\/li>\n<\/ul>\n<p>Le centre de documentation est accessible en consultation libre aux <a href=\"https:\/\/www.metzavelo.fr\/contact\/\">heures d&rsquo;ouverture<\/a>.<\/p>\t\t\t\t\t\t\t\t<\/div>\n\t\t\t\t<\/div>\n\t\t\t\t\t<\/div>\n\t\t<\/div>\n\t\t\t\t\t<\/div>\n\t\t<\/section>\n\t\t\t\t<section class=\"elementor-section elementor-top-section elementor-element elementor-element-b075d60 elementor-section-boxed elementor-section-height-default elementor-section-height-default\" data-id=\"b075d60\" data-element_type=\"section\" data-e-type=\"section\">\n\t\t\t\t\t\t<div class=\"elementor-container elementor-column-gap-default\">\n\t\t\t\t\t<div class=\"elementor-column elementor-col-100 elementor-top-column elementor-element elementor-element-6039eac\" data-id=\"6039eac\" data-element_type=\"column\" data-e-type=\"column\">\n\t\t\t<div class=\"elementor-widget-wrap elementor-element-populated\">\n\t\t\t\t\t\t<div class=\"elementor-element elementor-element-adb2afb elementor-widget elementor-widget-heading\" data-id=\"adb2afb\" data-element_type=\"widget\" data-e-type=\"widget\" data-widget_type=\"heading.default\">\n\t\t\t\t<div class=\"elementor-widget-container\">\n\t\t\t\t\t<h3 class=\"elementor-heading-title elementor-size-default\">Documentation en ligne<\/h3>\t\t\t\t<\/div>\n\t\t\t\t<\/div>\n\t\t\t\t\t<\/div>\n\t\t<\/div>\n\t\t\t\t\t<\/div>\n\t\t<\/section>\n\t\t\t\t<section class=\"elementor-section elementor-top-section elementor-element elementor-element-17a9f09 elementor-section-boxed elementor-section-height-default elementor-section-height-default\" data-id=\"17a9f09\" data-element_type=\"section\" data-e-type=\"section\">\n\t\t\t\t\t\t<div class=\"elementor-container elementor-column-gap-default\">\n\t\t\t\t\t<div class=\"elementor-column elementor-col-100 elementor-top-column elementor-element elementor-element-e7bbdda\" data-id=\"e7bbdda\" data-element_type=\"column\" data-e-type=\"column\">\n\t\t\t<div class=\"elementor-widget-wrap elementor-element-populated\">\n\t\t\t\t\t\t<div class=\"elementor-element elementor-element-800e8ab elementor-widget elementor-widget-text-editor\" data-id=\"800e8ab\" data-element_type=\"widget\" data-e-type=\"widget\" data-widget_type=\"text-editor.default\">\n\t\t\t\t<div class=\"elementor-widget-container\">\n\t\t\t\t\t\t\t\t\t<p><strong>Am\u00e9nagements\u00a0 <\/strong><br \/>&#8211; Plan des zones cyclables de <a href=\"https:\/\/geo.metzmetropole.fr\/?id=dep_vlo&amp;ll=49.103847,6.183929&amp;z=14&amp;bl=plan&amp;ol=public:pub_tsp_vlo_pis,public:pub_tsp_vlo_sta,public:pub_tsp_vlo_loc\">Metz M\u00e9tropole<\/a><\/p><p>&#8211; <a href=\"https:\/\/www.metzavelo.fr\/abris-velos-securises\/\" target=\"_blank\" rel=\"noopener\">Abris v\u00e9los<\/a> s\u00e9curis\u00e9s \u00e0 Metz<br \/>&#8211; <a href=\"https:\/\/metz.fr\/deplacer\/velo.php\" target=\"_blank\" rel=\"noopener\">Se d\u00e9placer \u00e0 v\u00e9lo<\/a> par la Ville de Metz<\/p><p>&#8211; Guide Pratique <a href=\"https:\/\/quattropole.org\/media\/download-5ec2834736a52\" target=\"_blank\" rel=\"noopener\">A v\u00e9lo dans les villes de Quattropole<\/a><br \/><br \/><\/p><p><strong>Balades\u00a0<\/strong><br \/>&#8211; Carte <a href=\"https:\/\/www.tourisme-metz.com\/uploads\/1d1a53ec150f47abe1f36cd5667e9.pdf\">Balades Nature<\/a> de Metz M\u00e9tropole<\/p><p>&#8211; <a href=\"https:\/\/www.mosl-tourisme.fr\/bouger\/balades-et-activites-de-nature\/a-velo.html\">Moselle \u00e0 v\u00e9lo<\/a><\/p><p>&#8211; <a href=\"https:\/\/www.tourisme-lorraine.fr\/lorraine-a-velo\/\">Lorraine \u00e0 v\u00e9lo<\/a><br \/>&#8211; <a href=\"https:\/\/quattropole.org\/fr\/tourisme\/quattropole_a_velo\">QuattroPole \u00e0 v\u00e9lo<\/a> : entre les villes de Luxembourg, Metz, Sarrebruck et Tr\u00e8ves<br \/>&#8211; <a href=\"https:\/\/www.lavoiebleue.com\/itineraire?gclid=CjwKCAiAq8f-BRBtEiwAGr3DgYqNh90kmE2jHVnS1iX6LRJm_C-05fzFQOCQnUDyl-5cBLBCnleUSxoC0mAQAvD_BwE\">La Voie Bleue<\/a> : V\u00e9loroute reliant Lyon \u00e0 Luxembourg<br \/><br \/><\/p><p><strong>S\u00e9curit\u00e9<\/strong><br \/>&#8211; <a href=\"https:\/\/www.fub.fr\/moi-velo\/ma-securite\/equipement\/eclairage\/choisir-son-eclairage\">Choisir son \u00e9clairage<\/a><br \/>&#8211; <a href=\"https:\/\/www.fub.fr\/moi-velo\/ma-securite\/equipement\/antivols\">Antivols<\/a><\/p>\t\t\t\t\t\t\t\t<\/div>\n\t\t\t\t<\/div>\n\t\t\t\t\t<\/div>\n\t\t<\/div>\n\t\t\t\t\t<\/div>\n\t\t<\/section>\n\t\t\t\t<\/div>\n\t\t","protected":false},"excerpt":{"rendered":"<p>La Maison du V\u00e9lo met \u00e0 disposition sa documentation sur les th\u00e8mes de la mobilit\u00e9 : Des cartes et guides de voyage Des r\u00e9cits et romans de voyage \u00e0 v\u00e9los Des guides d&rsquo;entretien et de r\u00e9paration Des magazines sp\u00e9cialis\u00e9s :&nbsp; Le randonneur, 200, Ville et V\u00e9lo, V\u00e9locit\u00e9, Cyclotourisme &#8230; Le centre de documentation est accessible [&hellip;]<\/p>\n","protected":false},"author":2,"featured_media":0,"parent":129,"menu_order":4,"comment_status":"closed","ping_status":"closed","template":"","meta":{"footnotes":""},"class_list":["post-133","page","type-page","status-publish","hentry"],"_links":{"self":[{"href":"https:\/\/www.metzavelo.fr\/index.php?rest_route=\/wp\/v2\/pages\/133","targetHints":{"allow":["GET"]}}],"collection":[{"href":"https:\/\/www.metzavelo.fr\/index.php?rest_route=\/wp\/v2\/pages"}],"about":[{"href":"https:\/\/www.metzavelo.fr\/index.php?rest_route=\/wp\/v2\/types\/page"}],"author":[{"embeddable":true,"href":"https:\/\/www.metzavelo.fr\/index.php?rest_route=\/wp\/v2\/users\/2"}],"replies":[{"embeddable":true,"href":"https:\/\/www.metzavelo.fr\/index.php?rest_route=%2Fwp%2Fv2%2Fcomments&post=133"}],"version-history":[{"count":28,"href":"https:\/\/www.metzavelo.fr\/index.php?rest_route=\/wp\/v2\/pages\/133\/revisions"}],"predecessor-version":[{"id":2532,"href":"https:\/\/www.metzavelo.fr\/index.php?rest_route=\/wp\/v2\/pages\/133\/revisions\/2532"}],"up":[{"embeddable":true,"href":"https:\/\/www.metzavelo.fr\/index.php?rest_route=\/wp\/v2\/pages\/129"}],"wp:attachment":[{"href":"https:\/\/www.metzavelo.fr\/index.php?rest_route=%2Fwp%2Fv2%2Fmedia&parent=133"}],"curies":[{"name":"wp","href":"https:\/\/api.w.org\/{rel}","templated":true}]}}