{"id":131,"date":"2018-03-20T20:23:25","date_gmt":"2018-03-20T19:23:25","guid":{"rendered":"http:\/\/www.metzavelo.fr\/?page_id=131"},"modified":"2026-04-28T15:43:00","modified_gmt":"2026-04-28T13:43:00","slug":"ateliers","status":"publish","type":"page","link":"https:\/\/www.metzavelo.fr\/?page_id=131","title":{"rendered":"Atelier participatif"},"content":{"rendered":"\t\t<div data-elementor-type=\"wp-page\" data-elementor-id=\"131\" class=\"elementor elementor-131\" data-elementor-post-type=\"page\">\n\t\t\t\t\t\t<section class=\"elementor-section elementor-top-section elementor-element elementor-element-7f6c624 elementor-section-boxed elementor-section-height-default elementor-section-height-default\" data-id=\"7f6c624\" data-element_type=\"section\" data-e-type=\"section\">\n\t\t\t\t\t\t<div class=\"elementor-container elementor-column-gap-default\">\n\t\t\t\t\t<div class=\"elementor-column elementor-col-100 elementor-top-column elementor-element elementor-element-42d5bfc3\" data-id=\"42d5bfc3\" data-element_type=\"column\" data-e-type=\"column\">\n\t\t\t<div class=\"elementor-widget-wrap elementor-element-populated\">\n\t\t\t\t\t\t<div class=\"elementor-element elementor-element-e3bf68 elementor-widget elementor-widget-text-editor\" data-id=\"e3bf68\" data-element_type=\"widget\" data-e-type=\"widget\" data-widget_type=\"text-editor.default\">\n\t\t\t\t<div class=\"elementor-widget-container\">\n\t\t\t\t\t\t\t\t\t<p>A la Maison du V\u00e9lo, vous disposez d&rsquo;un lieu pour <b>venir r\u00e9parer vous-m\u00eame votre v\u00e9lo.<\/b><\/p>\n<p>L&rsquo;atelier permet d&rsquo;acc\u00e9der \u00e0 de l&rsquo;outillage adapt\u00e9, \u00e9quipements,&nbsp; pi\u00e8ces neuves ou d&rsquo;occasion et de conseils de personnes avis\u00e9es pour bricoler votre v\u00e9lo.<\/p>\n<p><br><\/p>\n<p>Vous pouvez venir \u00e0 l&rsquo;atelier durant les heures d&rsquo;ouverture (pas besoin de rendez-vous)=&gt; <a href=\"https:\/\/www.metzavelo.fr\/contact\/\" target=\"_blank\">Voir adresse et horaire.<\/a><\/p>\n<p><br><\/p>\n<p><b>L\u2019atelier de la Maison du V\u00e9lo fonctionne selon diff\u00e9rentes formules :<\/b><\/p>\n<p><b>&nbsp;<\/b><\/p>\n<p><b>&gt; Atelier encadr\u00e9 :<\/b> vous utilisez l\u2019atelier et l\u2019outillage \u00e0 disposition et recevez les conseils de personnes avis\u00e9es<\/p>\n<p><b>&gt; Atelier en acc\u00e8s libre :<\/b> vous utilisez l\u2019atelier et l\u2019outillage librement pour r\u00e9parer et bricoler votre v\u00e9lo<\/p>\n<p><b>&gt; Remise en \u00e9tat de v\u00e9los :<\/b> \u00e0 partir de v\u00e9los donn\u00e9s \u00e0 l&rsquo;association, reconstitution de v\u00e9los en \u00e9tat de marche et constitution d&rsquo;un stock de pi\u00e8ces d&rsquo;occasion apr\u00e8s d\u00e9montage.<\/p><div><br><\/div>\n\n<p><\/p>\n<p><img fetchpriority=\"high\" decoding=\"async\" src=\"https:\/\/www.metzavelo.fr\/wp-content\/uploads\/2020\/12\/IMG_7659-carre\u0301-300x300.jpg\" sizes=\"(max-width: 300px) 100vw, 300px\" srcset=\"https:\/\/www.metzavelo.fr\/wp-content\/uploads\/2020\/12\/IMG_7659-carre\u0301-300x300.jpg 300w, https:\/\/www.metzavelo.fr\/wp-content\/uploads\/2020\/12\/IMG_7659-carre\u0301-1024x1024.jpg 1024w, https:\/\/www.metzavelo.fr\/wp-content\/uploads\/2020\/12\/IMG_7659-carre\u0301-150x150.jpg 150w, https:\/\/www.metzavelo.fr\/wp-content\/uploads\/2020\/12\/IMG_7659-carre\u0301-768x768.jpg 768w, https:\/\/www.metzavelo.fr\/wp-content\/uploads\/2020\/12\/IMG_7659-carre\u0301-1536x1536.jpg 1536w, https:\/\/www.metzavelo.fr\/wp-content\/uploads\/2020\/12\/IMG_7659-carre\u0301-2048x2048.jpg 2048w, https:\/\/www.metzavelo.fr\/wp-content\/uploads\/2020\/12\/IMG_7659-carre\u0301-70x70.jpg 70w, https:\/\/www.metzavelo.fr\/wp-content\/uploads\/2020\/12\/IMG_7659-carre\u0301-127x127.jpg 127w, https:\/\/www.metzavelo.fr\/wp-content\/uploads\/2020\/12\/IMG_7659-carre\u0301-476x476.jpg 476w, https:\/\/www.metzavelo.fr\/wp-content\/uploads\/2020\/12\/IMG_7659-carre\u0301-125x125.jpg 125w\" alt=\"\" width=\"300\" height=\"300\"><\/p>\n<p><\/p>\n<p>Des<b> formations aux r\u00e9parations \u00e9l\u00e9mentaires<\/b> sont propos\u00e9es chaque premier samedi du mois de 10h \u00e0 12h ( r\u00e9paration de pneu crev\u00e9, r\u00e9glage des freins et vitesses, &#8230;)<\/p>\n<p><i>&nbsp;<\/i><\/p>\n<p><i>Important<\/i><b><i> :<\/i><\/b><i> <\/i><i><i>l&rsquo;adh\u00e9sion \u00e0 l\u2019association Metz \u00e0 V\u00e9lo est n\u00e9cessaire <\/i>pour utiliser l\u2019atelier et ses outils, comme pour acheter des pi\u00e8ces neuves ou d\u2019occasion <\/i><i><i>sur place<\/i>.<\/i><\/p>\n<p><i>&nbsp;<\/i><\/p>\n<p>Dans tous les cas, les r\u00e9parations sur les v\u00e9los personnels sont ex\u00e9cut\u00e9es par les adh\u00e9rents eux-m\u00eames et sous leur responsabilit\u00e9.<\/p>\n<p><\/p>\n<p>Lire le r\u00e8glement complet :<\/p>\n<p><a href=\"https:\/\/www.metzavelo.fr\/wp-content\/uploads\/2021\/01\/Reglement-interieur-atelier-auto-reparation-.pdf\">R\u00e8glement int\u00e9rieur atelier \u00ab auto r\u00e9paration \u00bb<\/a><\/p>\t\t\t\t\t\t\t\t<\/div>\n\t\t\t\t<\/div>\n\t\t\t\t\t<\/div>\n\t\t<\/div>\n\t\t\t\t\t<\/div>\n\t\t<\/section>\n\t\t\t\t<\/div>\n\t\t","protected":false},"excerpt":{"rendered":"<p>A la Maison du V\u00e9lo, vous disposez d&rsquo;un lieu pour venir r\u00e9parer vous-m\u00eame votre v\u00e9lo. L&rsquo;atelier permet d&rsquo;acc\u00e9der \u00e0 de l&rsquo;outillage adapt\u00e9, \u00e9quipements,&nbsp; pi\u00e8ces neuves ou d&rsquo;occasion et de conseils de personnes avis\u00e9es pour bricoler votre v\u00e9lo. Vous pouvez venir \u00e0 l&rsquo;atelier durant les heures d&rsquo;ouverture (pas besoin de rendez-vous)=&gt; Voir adresse et horaire. L\u2019atelier [&hellip;]<\/p>\n","protected":false},"author":2,"featured_media":0,"parent":129,"menu_order":1,"comment_status":"closed","ping_status":"closed","template":"","meta":{"footnotes":""},"class_list":["post-131","page","type-page","status-publish","hentry"],"_links":{"self":[{"href":"https:\/\/www.metzavelo.fr\/index.php?rest_route=\/wp\/v2\/pages\/131","targetHints":{"allow":["GET"]}}],"collection":[{"href":"https:\/\/www.metzavelo.fr\/index.php?rest_route=\/wp\/v2\/pages"}],"about":[{"href":"https:\/\/www.metzavelo.fr\/index.php?rest_route=\/wp\/v2\/types\/page"}],"author":[{"embeddable":true,"href":"https:\/\/www.metzavelo.fr\/index.php?rest_route=\/wp\/v2\/users\/2"}],"replies":[{"embeddable":true,"href":"https:\/\/www.metzavelo.fr\/index.php?rest_route=%2Fwp%2Fv2%2Fcomments&post=131"}],"version-history":[{"count":26,"href":"https:\/\/www.metzavelo.fr\/index.php?rest_route=\/wp\/v2\/pages\/131\/revisions"}],"predecessor-version":[{"id":6349,"href":"https:\/\/www.metzavelo.fr\/index.php?rest_route=\/wp\/v2\/pages\/131\/revisions\/6349"}],"up":[{"embeddable":true,"href":"https:\/\/www.metzavelo.fr\/index.php?rest_route=\/wp\/v2\/pages\/129"}],"wp:attachment":[{"href":"https:\/\/www.metzavelo.fr\/index.php?rest_route=%2Fwp%2Fv2%2Fmedia&parent=131"}],"curies":[{"name":"wp","href":"https:\/\/api.w.org\/{rel}","templated":true}]}}